{"id":33,"date":"2019-12-15T15:23:57","date_gmt":"2019-12-15T14:23:57","guid":{"rendered":"http:\/\/naturopathie-reflexologie.fr\/index.php\/home\/"},"modified":"2020-01-06T21:26:52","modified_gmt":"2020-01-06T20:26:52","slug":"home","status":"publish","type":"page","link":"https:\/\/naturopathie-reflexologie.fr\/","title":{"rendered":"Home"},"content":{"rendered":"\n<p><strong>1\u00e8re consultation <\/strong>:<br> Dur\u00e9e : 1h30<\/p>\n\n\n\n<p>Lors de la premi\u00e8re consultation d\u2019un suivi naturopathique, un bilan naturopathique ou bilan de vitalit\u00e9 est r\u00e9alis\u00e9. Il me permettra de vous prodiguer des conseils progressifs et individualis\u00e9s, la mise en place de cures qui permettent de d\u00e9toxiquer l&rsquo;organisme, renforcer l&rsquo;\u00e9nergie vitale et stabiliser durablement le bien-\u00eatre g\u00e9n\u00e9ral, dans le cadre d&rsquo;un programme d&rsquo;hygi\u00e8ne vitale.<\/p>\n\n\n\n<p><strong>Consultation de suivi<\/strong><br> Dur\u00e9e : 1h<\/p>\n\n\n\n<p>Lors des consultations suivantes, nous faisons le point sur l\u2019\u00e9volution de votre vitalit\u00e9, la cure pass\u00e9e, les r\u00e9actions de votre corps, etc. Nous ajustons alors la cure et les techniques de votre programme d\u2019hygi\u00e8ne de vie \u00e0 mettre en place.<\/p>\n\n\n\n<p><strong>Consultation de r\u00e9flexologie combin\u00e9e<\/strong><\/p>\n\n\n\n<p>Dur\u00e9e : 1h<\/p>\n\n\n\n<p>Apr\u00e8s un entretien destin\u00e9 \u00e0 mieux cerner vos besoins je vous propose une s\u00e9ance individualis\u00e9e.<\/p>\n\n\n\n<p> La s\u00e9ance se fait allong\u00e9 sur une table de massage et peut durer de 35 \u00e0 45 minutes.<br> Le nombre de s\u00e9ances n\u00e9cessaires d\u00e9pend de la chronicit\u00e9 ou l\u2019anciennet\u00e9 du trouble.<br> Toutefois, une seule consultation peut parfois suffire pour un trouble r\u00e9cent.<\/p>\n","protected":false},"excerpt":{"rendered":"<p class=\"qua-blog-post-description\">1\u00e8re consultation : Dur\u00e9e : 1h30 Lors de la premi\u00e8re consultation d\u2019un suivi naturopathique, un bilan naturopathique ou bilan de vitalit\u00e9 est r\u00e9alis\u00e9. Il me permettra de vous prodiguer des conseils progressifs et individualis\u00e9s, la mise en place de cures qui permettent de d\u00e9toxiquer l&rsquo;organisme, renforcer l&rsquo;\u00e9nergie vitale et stabiliser durablement le bien-\u00eatre g\u00e9n\u00e9ral, dans [&hellip;]<\/p>\n","protected":false},"author":1,"featured_media":0,"parent":0,"menu_order":0,"comment_status":"closed","ping_status":"closed","template":"template-business.php","meta":{"footnotes":""},"class_list":["post-33","page","type-page","status-publish","hentry"],"_links":{"self":[{"href":"https:\/\/naturopathie-reflexologie.fr\/index.php\/wp-json\/wp\/v2\/pages\/33","targetHints":{"allow":["GET"]}}],"collection":[{"href":"https:\/\/naturopathie-reflexologie.fr\/index.php\/wp-json\/wp\/v2\/pages"}],"about":[{"href":"https:\/\/naturopathie-reflexologie.fr\/index.php\/wp-json\/wp\/v2\/types\/page"}],"author":[{"embeddable":true,"href":"https:\/\/naturopathie-reflexologie.fr\/index.php\/wp-json\/wp\/v2\/users\/1"}],"replies":[{"embeddable":true,"href":"https:\/\/naturopathie-reflexologie.fr\/index.php\/wp-json\/wp\/v2\/comments?post=33"}],"version-history":[{"count":3,"href":"https:\/\/naturopathie-reflexologie.fr\/index.php\/wp-json\/wp\/v2\/pages\/33\/revisions"}],"predecessor-version":[{"id":123,"href":"https:\/\/naturopathie-reflexologie.fr\/index.php\/wp-json\/wp\/v2\/pages\/33\/revisions\/123"}],"wp:attachment":[{"href":"https:\/\/naturopathie-reflexologie.fr\/index.php\/wp-json\/wp\/v2\/media?parent=33"}],"curies":[{"name":"wp","href":"https:\/\/api.w.org\/{rel}","templated":true}]}}