{"id":11,"date":"2019-06-13T22:20:48","date_gmt":"2019-06-13T20:20:48","guid":{"rendered":"http:\/\/naturopathie-reflexologie.fr\/?page_id=11"},"modified":"2020-12-14T14:01:17","modified_gmt":"2020-12-14T13:01:17","slug":"contact","status":"publish","type":"page","link":"https:\/\/naturopathie-reflexologie.fr\/index.php\/contact\/","title":{"rendered":"Contact"},"content":{"rendered":"\n<div class=\"wp-block-image\"><figure class=\"aligncenter is-resized\"><img loading=\"lazy\" decoding=\"async\" src=\"http:\/\/naturopathie-reflexologie.fr\/wp-content\/uploads\/2020\/06\/wellness-594163_640.jpg\" alt=\"&quot;C'est par le bien-faire que se cr\u00e9e le bien-\u00eatre&quot;\" class=\"wp-image-176\" width=\"580\" height=\"386\" srcset=\"https:\/\/naturopathie-reflexologie.fr\/wp-content\/uploads\/2020\/06\/wellness-594163_640.jpg 640w, https:\/\/naturopathie-reflexologie.fr\/wp-content\/uploads\/2020\/06\/wellness-594163_640-300x200.jpg 300w\" sizes=\"auto, (max-width: 580px) 100vw, 580px\" \/><\/figure><\/div>\n\n\n\n<p style=\"text-align:center\">                           \u00ab\u00a0C&rsquo;est par le bien-faire que se cr\u00e9e le bien-\u00eatre\u00a0\u00bb <\/p>\n\n\n\n<p style=\"text-align:center\" class=\"has-small-font-size\">proverbe chinois<\/p>\n\n\n\n<p style=\"text-align:center\">Prise de rendez-vous par t\u00e9l\u00e9phone au <strong>06 15 77 63 85<\/strong>.<\/p>\n\n\n\n<p style=\"text-align:center\"><strong>Consultations \u00e0 l&rsquo; adresse suivante :<\/strong><br><\/p>\n\n\n\n<p style=\"text-align:center\"> 13 Bis route de l&rsquo;Arize <br> 31390 Carbonne. <\/p>\n\n\n\n<p><\/p>\n\n\n\n<p><\/p>\n","protected":false},"excerpt":{"rendered":"<p class=\"qua-blog-post-description\">\u00ab\u00a0C&rsquo;est par le bien-faire que se cr\u00e9e le bien-\u00eatre\u00a0\u00bb proverbe chinois Prise de rendez-vous par t\u00e9l\u00e9phone au 06 15 77 63 85. Consultations \u00e0 l&rsquo; adresse suivante : 13 Bis route de l&rsquo;Arize 31390 Carbonne.<\/p>\n","protected":false},"author":1,"featured_media":6,"parent":0,"menu_order":0,"comment_status":"closed","ping_status":"closed","template":"","meta":{"footnotes":""},"class_list":["post-11","page","type-page","status-publish","has-post-thumbnail","hentry"],"_links":{"self":[{"href":"https:\/\/naturopathie-reflexologie.fr\/index.php\/wp-json\/wp\/v2\/pages\/11","targetHints":{"allow":["GET"]}}],"collection":[{"href":"https:\/\/naturopathie-reflexologie.fr\/index.php\/wp-json\/wp\/v2\/pages"}],"about":[{"href":"https:\/\/naturopathie-reflexologie.fr\/index.php\/wp-json\/wp\/v2\/types\/page"}],"author":[{"embeddable":true,"href":"https:\/\/naturopathie-reflexologie.fr\/index.php\/wp-json\/wp\/v2\/users\/1"}],"replies":[{"embeddable":true,"href":"https:\/\/naturopathie-reflexologie.fr\/index.php\/wp-json\/wp\/v2\/comments?post=11"}],"version-history":[{"count":12,"href":"https:\/\/naturopathie-reflexologie.fr\/index.php\/wp-json\/wp\/v2\/pages\/11\/revisions"}],"predecessor-version":[{"id":239,"href":"https:\/\/naturopathie-reflexologie.fr\/index.php\/wp-json\/wp\/v2\/pages\/11\/revisions\/239"}],"wp:featuredmedia":[{"embeddable":true,"href":"https:\/\/naturopathie-reflexologie.fr\/index.php\/wp-json\/wp\/v2\/media\/6"}],"wp:attachment":[{"href":"https:\/\/naturopathie-reflexologie.fr\/index.php\/wp-json\/wp\/v2\/media?parent=11"}],"curies":[{"name":"wp","href":"https:\/\/api.w.org\/{rel}","templated":true}]}}